{"id":2749,"date":"2021-03-16T18:48:49","date_gmt":"2021-03-17T01:48:49","guid":{"rendered":"https:\/\/aaravindha-seminars.com\/?page_id=2749"},"modified":"2021-03-22T20:18:52","modified_gmt":"2021-03-23T03:18:52","slug":"online-sangham-gathering-mit-aaravindha-himadra","status":"publish","type":"page","link":"https:\/\/aaravindha-seminars.com\/de\/online-sangham-gathering-mit-aaravindha-himadra\/","title":{"rendered":"Online Sangham Gathering mit Aaravindha Himadra"},"content":{"rendered":"<p>  <span><img loading=\"lazy\" decoding=\"async\" alt=\"\" data-id=\"44\" data-init-width=\"2000\" data-init-height=\"400\" title=\"Logo_Aaravindha_transparent\" loading=\"lazy\" src=\"https:\/\/aaravindha-seminars.com\/wp-content\/uploads\/2021\/03\/Logo_Aaravindha_transparent.png\" data-width=\"200\" data-height=\"40\" style=\"\" width=\"200\" height=\"40\"><\/span><\/p>\n<p style=\"text-align: center;\"><a href=\"https:\/\/www.goodreads.com\/book\/show\/22936368-immortal-self\" target=\"_blank\" style=\"outline: none;\" rel=\"noopener\">Goodreads<\/a><\/p>\n<p style=\"\"><a href=\"https:\/\/www.amazon.com\/Immortal-Self-Journey-Himalayan-Amartya\/dp\/1683641132\/ref=sr_1_1?dchild=1&amp;keywords=Aaravindha+himadra&amp;qid=1614993177&amp;s=books&amp;sr=1-1\" target=\"_blank\" data-tcb-href=\"https:\/\/www.amazon.com\/Immortal-Self-Journey-Himalayan-Amartya\/dp\/1683641132\/ref=sr_1_1?dchild=1&amp;keywords=Aaravindha+himadra&amp;qid=1614993177&amp;s=books&amp;sr=1-1\" spellcheck=\"false\" style=\"outline: none;\" rel=\"noopener\">AMAZON BOOKS<\/a><\/p>\n<p style=\"\"><a href=\"https:\/\/www.amazon.de\/Das-unsterblichen-Meister-Aaravindha-Himadra\/dp\/3442341841\/ref=sr_1_1?__mk_de_DE=%C3%85M%C3%85%C5%BD%C3%95%C3%91&amp;dchild=1&amp;keywords=aaravindha+himadra&amp;qid=1614993294&amp;sr=8-1\" target=\"_blank\" style=\"outline: none;\" rel=\"noopener\">AMAZON.DE<\/a><\/p>\n<p> <a href=\"javascript:void(0)\"><\/a><\/p>\n<ul id=\"m-1784cb890bb\">\n<li id=\"menu-item-32\" data-id=\"32\"><a href=\"http:\/\/aaravindha-seminars.com\/\"><span>Home<\/span><\/a><\/li>\n<\/ul>\n<h2 style=\"text-align: left;\">Aaravindha Himadra<\/h2>\n<h1 style=\"text-align: left;\">2021 Internationales <strong>Sangham Gathering <\/strong><\/h1>\n<h1 style=\"text-align: left;\"><strong>Live Zoom<\/strong> mit <strong>Aaravindha <\/strong>Englisch mit deutscher \u00dcbersetzung<\/h1>\n<h1 style=\"text-align: left;\">Sonntag, 28. M\u00e4rz, 2021<\/h1>\n<h1 style=\"text-align: left;\">19:30 MEZ<\/h1>\n<p style=\"text-align: center;\">Live Zoom beginnt in:<\/p>\n<p><span>05<\/span>Tage <span style=\"\">:<\/span>&nbsp;<span>15<\/span>Stunden <span style=\"\">:<\/span>&nbsp;<span>11<\/span>Minuten <span style=\"\">:<\/span>&nbsp;<span>51<\/span>Sekunden<\/p>\n<p style=\"text-align: center;\">You missed out!<\/p>\n<h2 style=\"text-align: left;\"><strong>Komm und mach mit <\/strong>bei unserem ersten <strong>Internationalen Online Sangham Gathering 2021<\/strong><\/h2>\n<p style=\"text-align: left;\">Wir sind alle seit \u00fcber einem Jahr mehr oder weniger voneinander abgeschnitten und isoliert. Das Blatt scheint sich zu wenden, aber es k\u00f6nnte sein, dass es noch einige Anstrengungen der Beh\u00f6rden geben wird, um euch f\u00fcr Monate oder sogar Jahre voneinander getrennt zu halten. Es ist unn\u00f6tig, hier auf die Details einzugehen. Du erlebst sie selbst aus erster Hand.&nbsp;<\/p>\n<p style=\"text-align: left;\">Die Schwierigkeiten beim Reisen halten uns davon ab, physisch zusammenzukommen. Wir haben uns daher entschlossen, die Trennung zu \u00fcberwinden, indem wir uns online wieder verbinden und dort vielleicht ein paar zuk\u00fcnftige L\u00f6sungen gemeinsam erarbeiten.&nbsp;<\/p>\n<p style=\"text-align: left;\">Aber noch wichtiger ist, dass Aaravindha mit euch allen gerne sprechen m\u00f6chte, um die Harmonie des Sanghams, der mitf\u00fchlenden und liebevollen Interaktion wieder zu st\u00e4rken. Die Zeiten diktieren uns f\u00fcr den Moment diese erg\u00e4nzende Online-Methode zu w\u00e4hlen, um unsere Herzen und H\u00e4nde virtuell zu verbinden. Unsere Konversation wird als ein freies, offenes Forum dienen, an dem ihr alle teilnehmen k\u00f6nnt, indem ihr eure eigenen Gedanken, Gef\u00fchle und Fragen anbietet. Wenn dieses neue Online-Projekt so gut funktioniert, wie wir es uns erhoffen, werden wir in den kommenden Monaten mit regelm\u00e4\u00dfigen \u00e4hnlichen Formaten weitermachen.Wir werden unser Treffen mit einer Meditations\u00fcbung beginnen. Eine Anleitung hierf\u00fcr wird ein paar Tage vor dem Treffen verschickt. Halte in deinen Emails Ausschau danach. Bitte f\u00fchle dich frei, jeden einzuladen, von dem du glaubst, dass er oder sie Interesse an den Gespr\u00e4chen haben k\u00f6nnte.<\/p>\n<h1 style=\"\">Kostenfreies Online Sangham Gathering<\/h1>\n<p style=\"\">Melde dich jetzt an<\/p>\n<p style=\"\">*falls du schon in unserer Datenbank bist, verwende bitte diese Email-Adresse!<\/p>\n<p style=\"\">Mit deiner Eintragung stimmst du zu Informationen zu den Seminaren zu erhalten. Die Sicherheit deiner Daten ist uns sehr wichtig, siehe&nbsp;<span><u><a data-tcb_hover_state_parent=\"\" href=\"https:\/\/aaravindha.com\/privacy-policy\/?lang=de\" spellcheck=\"false\" target=\"_blank\" style=\"outline: none;\" rel=\"noopener\">Datenschutzerkl\u00e4rung<\/a><\/u><\/span><span><u>.<\/u><\/span><\/p>\n<h1 style=\"text-align: left;\"><strong>Aaravindha<\/strong><span style=\"\">Himad<\/span>ra.<\/h1>\n<p style=\"\">Aaravindha Himadra, der Autor des spirituellen Bestsellers &#8222;Das Tal der unsterblichen Meister&#8220;, ist ein Rishi (Seher) der zeitlosen Surah Parampara Tradition. Er lehrt international tiefgreifende Techniken und spirituelles Wissen. Techniken, die es fast jedem erm\u00f6glichen, Heilung zu finden, sein h\u00f6chstes Potential zu entwickeln und seine Freiheit und m\u00f6glicherweise Erleuchtung zu verwirklichen.<\/p>\n<p><span style=\"\"><img loading=\"lazy\" decoding=\"async\" alt=\"\" data-id=\"2285\" data-init-width=\"980\" data-init-height=\"691\" title=\"Aaravindha_corrected\" loading=\"lazy\" src=\"https:\/\/aaravindha-seminars.com\/wp-content\/uploads\/2021\/03\/Aaravindha_corrected-1024x722-1.jpg\" data-width=\"773\" data-height=\"545\" style=\"\" width=\"773\" height=\"545\" ml-d=\"-23.59400000000005\"><\/span><\/p>\n<p style=\"text-align: center;\">Hast du noch Fragen?<\/p>\n<h1 style=\"text-align: center;\">H\u00e4ufig gestellte <strong>Fragen<\/strong><\/h1>\n<p>Hier findest du eine Sammlung von h\u00e4ufig gestellten Fragen, die dir helfen k\u00f6nnen, alle noch offenen Fragen zu beantworten. Wenn deine Frage nicht beantwortet wird, z\u00f6gere bitte nicht, uns eine E-Mail zu schicken, und wir melden uns so schnell wie m\u00f6glich bei dir.<\/p>\n<h4 style=\"\">Wie geht es nach der Anmeldung weiter?<\/h4>\n<p style=\"\">Nachdem du dich angemeldet hast, schicken wir dir eine Best\u00e4tigungsmail f\u00fcr deine Anmeldung. Bitte \u00fcberpr\u00fcfe immer deinen Spam-Ordner, wenn du die E-Mails nicht bekommst! Ein paar Tage vor dem Zoom-Treffen werden wir dir den Teilnahme-Link per E-Mail zusenden. Du erh\u00e4ltst auch die Meditationsanleitung und Erinnerungsmail am Tag der Veranstaltung.<\/p>\n<h4 style=\"\">So nimmst du an einem Zoom Meeting auf dem Desktop Computer \u00fcber eine heruntergeladene App teil<\/h4>\n<ol>\n<li>Lade die <a href=\"https:\/\/zoom.us\/download#client_4meeting\" target=\"_blank\" style=\"outline: none;\" rel=\"noopener\">Zoom Desktop App<\/a> auf deinen Mac oder PC herunter.2. \u00d6ffne die Zoom App.3. Klicke auf &#8222;Meeting beitreten&#8220;.4. Gib die Meeting-ID und deinen Namen ein und 5. lege die Audio-\/Videoberechtigungen fest.<\/li>\n<\/ol>\n<h4 style=\"\">Wie man einem Zoom-Meeting auf dem Desktop \u00fcber einen Meeting-Einladungslink beitritt<\/h4>\n<ol style=\"\">\n<li style=\"\">Klicke auf die Linkadresse der Meeting-Einladung, die der Gastgeber per E-Mail gesendet hat2. Stimme dem \u00d6ffnen der Zoom-App zu. Wenn du die App nicht installiert hast, klicke auf den Link &#8222;Mit Ihrem Browser teilnehmen&#8220; 3. Best\u00e4tige die Anfrage f\u00fcr die Erlaubnis, das Audio und die Kamera deines Computers zu nutzen.4. Je nachdem, wie das Meeting aufgebaut ist, kannst du sofort in das Meeting eintreten, oder du musst warten, bis der Gastgeber das Meeting er\u00f6ffnet, oder du wirst in einen Warteraum gesetzt, den der Gastgeber kontrolliert.5. Hier findest du <a href=\"https:\/\/support.zoom.us\/hc\/de\/articles\/201362193\" target=\"_blank\" style=\"outline: none;\" rel=\"noopener\">weitere Informationen und Anleitungen<\/a><\/li>\n<\/ol>\n<h4 style=\"\">Wie man einem Zoom Meeting \u00fcber einen Webbrowser beitritt<\/h4>\n<ol style=\"\">\n<li style=\"\">Du brauchst keine zus\u00e4tzliche Software zu installieren, um an einem Zoom-Meeting teilzunehmen. Du kannst das alles \u00fcber einen Webbrowser machen<\/li>\n<li style=\"\">Klicke auf die URL der Meeting-Einladung, die der Gastgeber per E-Mail oder Text geteilt hat. Ein neuer Tab wird sich in deinem bevorzugten Webbrowser \u00f6ffnen. <\/li>\n<li style=\"\">Wenn du die Zoom Desktop App nicht installiert hast, wird die Seite dich auffordern, die App herunterzuladen. Ignoriere das und springe zum Kleingedruckten: &#8222;Wenn du die Anwendung nicht herunterladen oder ausf\u00fchren kannst, melde dich \u00fcber deinen Browser an.&#8220;<\/li>\n<li style=\"\">Klicke auf den hervorgehobenen Text in &#8222;join from your browser&#8220;. <\/li>\n<li style=\"\">Melde dich mit deinem Namen an, um dem Meeting beizutreten.<\/li>\n<\/ol>\n<h4 style=\"\">Wie man einem Zoom Meeting auf dem Handy beitritt (iPhone, Android)<\/h4>\n<ol style=\"\">\n<li style=\"\">Lade die Zoom App f\u00fcr iOS im Appstore oder f\u00fcr Android auf Google Play herunter.<\/li>\n<li style=\"\">\u00d6ffne die mobile App.<\/li>\n<li style=\"\">Tippe auf &#8222;An einem Meeting teilnehmen&#8220;. Gib die Meeting-ID und deinen Namen ein und lege die Audio-\/Videoberechtigungen fest.oderTippe auf die URL der Meeting-Einladung, die der Gastgeber per E-Mail geteilt hat, was die Zoom-App \u00f6ffnet. Die App kann dich um die Erlaubnis bitten, die Kamera deines Telefons zu verwenden.<\/li>\n<li style=\"\">Je nachdem, wie das Meeting aufgebaut ist, kannst du sofort in das Meeting eintreten, oder du musst warten, bis der Gastgeber eintrifft, oder du wirst in einen Warteraum gebracht, den der Gastgeber kontrolliert.<\/li>\n<\/ol>\n<h4 style=\"\">Wird es eine Aufzeichnung des Zoom-Meetings geben, wenn ich nicht teilnehmen kann?<\/h4>\n","protected":false},"excerpt":{"rendered":"<p>Goodreads AMAZON BOOKS AMAZON.DE Home Aaravindha Himadra 2021 Internationales Sangham Gathering Live Zoom mit Aaravindha Englisch mit deutscher \u00dcbersetzung Sonntag, 28. M\u00e4rz, 2021 19:30 MEZ Live Zoom beginnt in: 05Tage :&nbsp;15Stunden :&nbsp;11Minuten :&nbsp;51Sekunden You missed out! Komm und mach mit bei unserem ersten Internationalen Online Sangham Gathering 2021 Wir sind alle seit \u00fcber einem Jahr [&hellip;]<\/p>\n","protected":false},"author":1,"featured_media":2511,"parent":0,"menu_order":0,"comment_status":"closed","ping_status":"closed","template":"","meta":{"footnotes":""},"class_list":["post-2749","page","type-page","status-publish","has-post-thumbnail","hentry"],"yoast_head":"<!-- This site is optimized with the Yoast SEO plugin v21.9.1 - https:\/\/yoast.com\/wordpress\/plugins\/seo\/ -->\n<title>Online Sangham Gathering mit Aaravindha Himadra -<\/title>\n<meta name=\"description\" content=\"Komm und nimm an unserem ersten Online 2021 International Sangham Gathering mit Aaravindha Himadra am 28. M\u00e4rz 2021 teil.\" \/>\n<meta name=\"robots\" content=\"index, follow, max-snippet:-1, max-image-preview:large, max-video-preview:-1\" \/>\n<link rel=\"canonical\" href=\"https:\/\/aaravindha-seminars.com\/de\/online-sangham-gathering-mit-aaravindha-himadra\/\" \/>\n<meta property=\"og:locale\" content=\"de_DE\" \/>\n<meta property=\"og:type\" content=\"article\" \/>\n<meta property=\"og:title\" content=\"Online Sangham Gathering mit Aaravindha Himadra -\" \/>\n<meta property=\"og:description\" content=\"Komm und nimm an unserem ersten Online 2021 International Sangham Gathering mit Aaravindha Himadra am 28. M\u00e4rz 2021 teil.\" \/>\n<meta property=\"og:url\" content=\"https:\/\/aaravindha-seminars.com\/de\/online-sangham-gathering-mit-aaravindha-himadra\/\" \/>\n<meta property=\"og:site_name\" content=\"aaravindha-seminars.com\" \/>\n<meta property=\"article:publisher\" content=\"https:\/\/www.facebook.com\/Aaravindha\/\" \/>\n<meta property=\"article:modified_time\" content=\"2021-03-23T03:18:52+00:00\" \/>\n<meta property=\"og:image\" content=\"https:\/\/aaravindha-seminars.com\/wp-content\/uploads\/2021\/03\/P1021279color.jpg\" \/>\n\t<meta property=\"og:image:width\" content=\"1200\" \/>\n\t<meta property=\"og:image:height\" content=\"674\" \/>\n\t<meta property=\"og:image:type\" content=\"image\/jpeg\" \/>\n<meta name=\"twitter:card\" content=\"summary_large_image\" \/>\n<meta name=\"twitter:label1\" content=\"Gesch\u00e4tzte Lesezeit\" \/>\n\t<meta name=\"twitter:data1\" content=\"4\u00a0Minuten\" \/>\n<script type=\"application\/ld+json\" class=\"yoast-schema-graph\">{\"@context\":\"https:\/\/schema.org\",\"@graph\":[{\"@type\":\"WebPage\",\"@id\":\"https:\/\/aaravindha-seminars.com\/de\/online-sangham-gathering-mit-aaravindha-himadra\/\",\"url\":\"https:\/\/aaravindha-seminars.com\/de\/online-sangham-gathering-mit-aaravindha-himadra\/\",\"name\":\"Online Sangham Gathering mit Aaravindha Himadra -\",\"isPartOf\":{\"@id\":\"https:\/\/aaravindha-seminars.com\/de\/#website\"},\"datePublished\":\"2021-03-17T01:48:49+00:00\",\"dateModified\":\"2021-03-23T03:18:52+00:00\",\"description\":\"Komm und nimm an unserem ersten Online 2021 International Sangham Gathering mit Aaravindha Himadra am 28. M\u00e4rz 2021 teil.\",\"inLanguage\":\"de\",\"potentialAction\":[{\"@type\":\"ReadAction\",\"target\":[\"https:\/\/aaravindha-seminars.com\/de\/online-sangham-gathering-mit-aaravindha-himadra\/\"]}]},{\"@type\":\"WebSite\",\"@id\":\"https:\/\/aaravindha-seminars.com\/de\/#website\",\"url\":\"https:\/\/aaravindha-seminars.com\/de\/\",\"name\":\"aaravindha-seminars.com\",\"description\":\"Seminars &amp; Workshops with Aaravindha Himadra\",\"publisher\":{\"@id\":\"https:\/\/aaravindha-seminars.com\/de\/#organization\"},\"potentialAction\":[{\"@type\":\"SearchAction\",\"target\":{\"@type\":\"EntryPoint\",\"urlTemplate\":\"https:\/\/aaravindha-seminars.com\/de\/?s={search_term_string}\"},\"query-input\":\"required name=search_term_string\"}],\"inLanguage\":\"de\"},{\"@type\":\"Organization\",\"@id\":\"https:\/\/aaravindha-seminars.com\/de\/#organization\",\"name\":\"aaravindha-seminars.com\",\"url\":\"https:\/\/aaravindha-seminars.com\/de\/\",\"logo\":{\"@type\":\"ImageObject\",\"inLanguage\":\"de\",\"@id\":\"https:\/\/aaravindha-seminars.com\/de\/#\/schema\/logo\/image\/\",\"url\":\"https:\/\/aaravindha-seminars.com\/wp-content\/uploads\/2024\/01\/Aaravindha-Feather-3.png\",\"contentUrl\":\"https:\/\/aaravindha-seminars.com\/wp-content\/uploads\/2024\/01\/Aaravindha-Feather-3.png\",\"width\":1200,\"height\":300,\"caption\":\"aaravindha-seminars.com\"},\"image\":{\"@id\":\"https:\/\/aaravindha-seminars.com\/de\/#\/schema\/logo\/image\/\"},\"sameAs\":[\"https:\/\/www.facebook.com\/Aaravindha\/\",\"https:\/\/www.youtube.com\/channel\/UCYl4h0hvabPe66-QX8PWBGw\/featured?view_as=subscriber\"]}]}<\/script>\n<!-- \/ Yoast SEO plugin. -->","yoast_head_json":{"title":"Online Sangham Gathering mit Aaravindha Himadra -","description":"Komm und nimm an unserem ersten Online 2021 International Sangham Gathering mit Aaravindha Himadra am 28. M\u00e4rz 2021 teil.","robots":{"index":"index","follow":"follow","max-snippet":"max-snippet:-1","max-image-preview":"max-image-preview:large","max-video-preview":"max-video-preview:-1"},"canonical":"https:\/\/aaravindha-seminars.com\/de\/online-sangham-gathering-mit-aaravindha-himadra\/","og_locale":"de_DE","og_type":"article","og_title":"Online Sangham Gathering mit Aaravindha Himadra -","og_description":"Komm und nimm an unserem ersten Online 2021 International Sangham Gathering mit Aaravindha Himadra am 28. M\u00e4rz 2021 teil.","og_url":"https:\/\/aaravindha-seminars.com\/de\/online-sangham-gathering-mit-aaravindha-himadra\/","og_site_name":"aaravindha-seminars.com","article_publisher":"https:\/\/www.facebook.com\/Aaravindha\/","article_modified_time":"2021-03-23T03:18:52+00:00","og_image":[{"width":1200,"height":674,"url":"https:\/\/aaravindha-seminars.com\/wp-content\/uploads\/2021\/03\/P1021279color.jpg","type":"image\/jpeg"}],"twitter_card":"summary_large_image","twitter_misc":{"Gesch\u00e4tzte Lesezeit":"4\u00a0Minuten"},"schema":{"@context":"https:\/\/schema.org","@graph":[{"@type":"WebPage","@id":"https:\/\/aaravindha-seminars.com\/de\/online-sangham-gathering-mit-aaravindha-himadra\/","url":"https:\/\/aaravindha-seminars.com\/de\/online-sangham-gathering-mit-aaravindha-himadra\/","name":"Online Sangham Gathering mit Aaravindha Himadra -","isPartOf":{"@id":"https:\/\/aaravindha-seminars.com\/de\/#website"},"datePublished":"2021-03-17T01:48:49+00:00","dateModified":"2021-03-23T03:18:52+00:00","description":"Komm und nimm an unserem ersten Online 2021 International Sangham Gathering mit Aaravindha Himadra am 28. M\u00e4rz 2021 teil.","inLanguage":"de","potentialAction":[{"@type":"ReadAction","target":["https:\/\/aaravindha-seminars.com\/de\/online-sangham-gathering-mit-aaravindha-himadra\/"]}]},{"@type":"WebSite","@id":"https:\/\/aaravindha-seminars.com\/de\/#website","url":"https:\/\/aaravindha-seminars.com\/de\/","name":"aaravindha-seminars.com","description":"Seminars &amp; Workshops with Aaravindha Himadra","publisher":{"@id":"https:\/\/aaravindha-seminars.com\/de\/#organization"},"potentialAction":[{"@type":"SearchAction","target":{"@type":"EntryPoint","urlTemplate":"https:\/\/aaravindha-seminars.com\/de\/?s={search_term_string}"},"query-input":"required name=search_term_string"}],"inLanguage":"de"},{"@type":"Organization","@id":"https:\/\/aaravindha-seminars.com\/de\/#organization","name":"aaravindha-seminars.com","url":"https:\/\/aaravindha-seminars.com\/de\/","logo":{"@type":"ImageObject","inLanguage":"de","@id":"https:\/\/aaravindha-seminars.com\/de\/#\/schema\/logo\/image\/","url":"https:\/\/aaravindha-seminars.com\/wp-content\/uploads\/2024\/01\/Aaravindha-Feather-3.png","contentUrl":"https:\/\/aaravindha-seminars.com\/wp-content\/uploads\/2024\/01\/Aaravindha-Feather-3.png","width":1200,"height":300,"caption":"aaravindha-seminars.com"},"image":{"@id":"https:\/\/aaravindha-seminars.com\/de\/#\/schema\/logo\/image\/"},"sameAs":["https:\/\/www.facebook.com\/Aaravindha\/","https:\/\/www.youtube.com\/channel\/UCYl4h0hvabPe66-QX8PWBGw\/featured?view_as=subscriber"]}]}},"_links":{"self":[{"href":"https:\/\/aaravindha-seminars.com\/de\/wp-json\/wp\/v2\/pages\/2749","targetHints":{"allow":["GET"]}}],"collection":[{"href":"https:\/\/aaravindha-seminars.com\/de\/wp-json\/wp\/v2\/pages"}],"about":[{"href":"https:\/\/aaravindha-seminars.com\/de\/wp-json\/wp\/v2\/types\/page"}],"author":[{"embeddable":true,"href":"https:\/\/aaravindha-seminars.com\/de\/wp-json\/wp\/v2\/users\/1"}],"replies":[{"embeddable":true,"href":"https:\/\/aaravindha-seminars.com\/de\/wp-json\/wp\/v2\/comments?post=2749"}],"version-history":[{"count":20,"href":"https:\/\/aaravindha-seminars.com\/de\/wp-json\/wp\/v2\/pages\/2749\/revisions"}],"predecessor-version":[{"id":2806,"href":"https:\/\/aaravindha-seminars.com\/de\/wp-json\/wp\/v2\/pages\/2749\/revisions\/2806"}],"wp:featuredmedia":[{"embeddable":true,"href":"https:\/\/aaravindha-seminars.com\/de\/wp-json\/wp\/v2\/media\/2511"}],"wp:attachment":[{"href":"https:\/\/aaravindha-seminars.com\/de\/wp-json\/wp\/v2\/media?parent=2749"}],"curies":[{"name":"wp","href":"https:\/\/api.w.org\/{rel}","templated":true}]}}